{"id":8750,"date":"2024-05-19T14:34:38","date_gmt":"2024-05-19T13:34:38","guid":{"rendered":"https:\/\/adiproangola.com\/equipa-de-gestao\/"},"modified":"2024-11-28T09:59:17","modified_gmt":"2024-11-28T08:59:17","slug":"equipa-de-gestao","status":"publish","type":"page","link":"https:\/\/adiproangola.com\/pt-pt\/equipa-de-gestao\/","title":{"rendered":"Equipa de gest\u00e3o"},"content":{"rendered":"<div class=\"wpb-content-wrapper\"><p>[vc_row full_width=&#8221;stretch_row&#8221; css=&#8221;.vc_custom_1716125980966{margin-top: 0px !important;margin-right: 5px !important;margin-bottom: 0px !important;margin-left: 5px !important;padding-top: 0px !important;background-color: #f5f5f5 !important;}&#8221;][vc_column equalizer_column=&#8221;yes&#8221;]\r\n\r\n<div class=\"wd_empty_space\" data-heightmobile=\"50px\" data-heighttablet=\"50px\" data-heightdesktop=\"80px\">\r\n\r\n<\/div>\r\n      \r\n\r\n\r\n\r\n        \r\n      \r\n    \r\n\r\n<div class=\"\" >\r\n  <div class=\"large-12 columns  wd-title-section_c\" >\r\n      <h2>Parceria para o Sucesso<\/h2>\r\n        <h5>Na Adipro Angola, combinamos uma vasta experi\u00eancia na ind\u00fastria com uma equipa t\u00e9cnica altamente qualificada para oferecer um suporte excepcional. Seja atrav\u00e9s de testes laboratoriais avan\u00e7ados ou assist\u00eancia no campo em tempo real, estamos comprometidos em optimizar os seus processos de produ\u00e7\u00e3o. Trabalhando em estreita colabora\u00e7\u00e3o com os nossos clientes para desenvolver solu\u00e7\u00f5es personalizadas, garantimos a m\u00e1xima efici\u00eancia, efic\u00e1cia e melhorias na produ\u00e7\u00e3o para o seu neg\u00f3cio. <\/h5>\r\n    \r\n  <\/div>\r\n<\/div>\r\n\r\n  \r\n\r\n\r\n  <ul class=\"wd-section-team team-list small-block-grid-1 large-block-grid-4 medium-block-grid-4 \">\r\n     \r\n      <li class=\"wd-team-member-item\">\r\n      <div class=\"wd-team-member\">\r\n        <img fetchpriority=\"high\" decoding=\"async\" width=\"270\" height=\"322\" src=\"https:\/\/adiproangola.com\/wp-content\/uploads\/2024\/11\/Mario-2.jpg\" class=\"attachment-petroleum_team size-petroleum_team\" alt=\"\" srcset=\"https:\/\/adiproangola.com\/wp-content\/uploads\/2024\/11\/Mario-2.jpg 270w, https:\/\/adiproangola.com\/wp-content\/uploads\/2024\/11\/Mario-2-252x300.jpg 252w\" sizes=\"(max-width: 270px) 100vw, 270px\" \/>          <h4 class=\"wd-title-element\">Mario Lourenco<\/h4>\r\n                    <p>\r\n              CEO Adipro Angola          <\/p>\r\n                <\/div>\r\n          \r\n      <\/li>\r\n     \r\n      <li class=\"wd-team-member-item\">\r\n      <div class=\"wd-team-member\">\r\n        <img decoding=\"async\" width=\"270\" height=\"322\" src=\"https:\/\/adiproangola.com\/wp-content\/uploads\/2024\/10\/umesh-270x322.webp\" class=\"attachment-petroleum_team size-petroleum_team\" alt=\"\" \/>          <h4 class=\"wd-title-element\">Umesh Amarnani<\/h4>\r\n                    <p>\r\n              Group MD Adipro international          <\/p>\r\n                <\/div>\r\n          \r\n      <\/li>\r\n      <\/ul>\r\n    \r\n   [\/vc_column][\/vc_row][vc_row full_width=&#8221;stretch_row&#8221; el_class=&#8221;gradient-testimonial&#8221; css=&#8221;.vc_custom_1729617464765{border-top-width: 1px !important;border-top-color: #efefef !important;border-top-style: solid !important;}&#8221; el_id=&#8221;o nosso cliente&#8221;][vc_column el_class=&#8221;custom-heading&#8221;]\r\n\r\n<div class=\"wd_empty_space\" data-heightmobile=\"50\" data-heighttablet=\"50\" data-heightdesktop=\"60\">\r\n\r\n<\/div>\r\n      \r\n\r\n\r\n\r\n        \r\n      \r\n    \r\n\r\n<div class=\"\" >\r\n  <div class=\"large-12 columns  wd-title-section_c\" >\r\n      <h2>Partners and Collaborators<\/h2>\r\n      \r\n  <\/div>\r\n<\/div>\r\n\r\n  \r\n[vc_row_inner el_class=&#8221;client&#8221;][vc_column_inner][vc_images_carousel images=&#8221;8983,8985,8987,8989,8991,8993,8995,8997,8999&#8243; img_size=&#8221;large&#8221; onclick=&#8221;link_no&#8221; speed=&#8221;2000&#8243; slides_per_view=&#8221;5&#8243; autoplay=&#8221;yes&#8221; hide_pagination_control=&#8221;yes&#8221; hide_prev_next_buttons=&#8221;yes&#8221; partial_view=&#8221;yes&#8221; el_class=&#8221;vc_custominfiniteloop&#8221;][\/vc_column_inner][\/vc_row_inner]\r\n\r\n<div class=\"wd_empty_space\" data-heightmobile=\"50\" data-heighttablet=\"50\" data-heightdesktop=\"60\">\r\n\r\n<\/div>\r\n      \r\n\r\n\r\n\r\n        \r\n      \r\n    [\/vc_column][\/vc_row]<\/p>\n<\/div>","protected":false},"excerpt":{"rendered":"<p>[vc_row full_width=&#8221;stretch_row&#8221; css=&#8221;.vc_custom_1716125980966{margin-top: 0px !important;margin-right: 5px !important;margin-bottom: 0px !important;margin-left: 5px !important;padding-top: 0px !important;background-color: #f5f5f5 !important;}&#8221;][vc_column equalizer_column=&#8221;yes&#8221;][\/vc_column][\/vc_row][vc_row full_width=&#8221;stretch_row&#8221; el_class=&#8221;gradient-testimonial&#8221; css=&#8221;.vc_custom_1729617464765{border-top-width: 1px !important;border-top-color: #efefef !important;border-top-style: solid !important;}&#8221; el_id=&#8221;o nosso cliente&#8221;][vc_column el_class=&#8221;custom-heading&#8221;][vc_row_inner el_class=&#8221;client&#8221;][vc_column_inner][vc_images_carousel images=&#8221;8983,8985,8987,8989,8991,8993,8995,8997,8999&#8243; img_size=&#8221;large&#8221; onclick=&#8221;link_no&#8221; speed=&#8221;2000&#8243; slides_per_view=&#8221;5&#8243; autoplay=&#8221;yes&#8221; hide_pagination_control=&#8221;yes&#8221; hide_prev_next_buttons=&#8221;yes&#8221; partial_view=&#8221;yes&#8221; el_class=&#8221;vc_custominfiniteloop&#8221;][\/vc_column_inner][\/vc_row_inner][\/vc_column][\/vc_row]<\/p>\n","protected":false},"author":1,"featured_media":0,"parent":0,"menu_order":0,"comment_status":"closed","ping_status":"closed","template":"","meta":{"_acf_changed":false,"_relevanssi_hide_post":"","_relevanssi_hide_content":"","_relevanssi_pin_for_all":"","_relevanssi_pin_keywords":"","_relevanssi_unpin_keywords":"","_relevanssi_related_keywords":"","_relevanssi_related_include_ids":"","_relevanssi_related_exclude_ids":"","_relevanssi_related_no_append":"","_relevanssi_related_not_related":"","_relevanssi_related_posts":"","_relevanssi_noindex_reason":"","footnotes":""},"class_list":["post-8750","page","type-page","status-publish","hentry"],"acf":[],"yoast_head":"<!-- This site is optimized with the Yoast SEO plugin v23.8 - https:\/\/yoast.com\/wordpress\/plugins\/seo\/ -->\n<title>Equipa de gest\u00e3o - Adipro Angola<\/title>\n<meta name=\"robots\" content=\"index, follow, max-snippet:-1, max-image-preview:large, max-video-preview:-1\" \/>\n<link rel=\"canonical\" href=\"https:\/\/adiproangola.com\/pt-pt\/equipa-de-gestao\/\" \/>\n<meta property=\"og:locale\" content=\"pt_PT\" \/>\n<meta property=\"og:type\" content=\"article\" \/>\n<meta property=\"og:title\" content=\"Equipa de gest\u00e3o - Adipro Angola\" \/>\n<meta property=\"og:description\" content=\"[vc_row full_width=&#8221;stretch_row&#8221; css=&#8221;.vc_custom_1716125980966{margin-top: 0px !important;margin-right: 5px !important;margin-bottom: 0px !important;margin-left: 5px !important;padding-top: 0px !important;background-color: #f5f5f5 !important;}&#8221;][vc_column equalizer_column=&#8221;yes&#8221;][\/vc_column][\/vc_row][vc_row full_width=&#8221;stretch_row&#8221; el_class=&#8221;gradient-testimonial&#8221; css=&#8221;.vc_custom_1729617464765{border-top-width: 1px !important;border-top-color: #efefef !important;border-top-style: solid !important;}&#8221; el_id=&#8221;o nosso cliente&#8221;][vc_column el_class=&#8221;custom-heading&#8221;][vc_row_inner el_class=&#8221;client&#8221;][vc_column_inner][vc_images_carousel images=&#8221;8983,8985,8987,8989,8991,8993,8995,8997,8999&#8243; img_size=&#8221;large&#8221; onclick=&#8221;link_no&#8221; speed=&#8221;2000&#8243; slides_per_view=&#8221;5&#8243; autoplay=&#8221;yes&#8221; hide_pagination_control=&#8221;yes&#8221; hide_prev_next_buttons=&#8221;yes&#8221; partial_view=&#8221;yes&#8221; el_class=&#8221;vc_custominfiniteloop&#8221;][\/vc_column_inner][\/vc_row_inner][\/vc_column][\/vc_row]\" \/>\n<meta property=\"og:url\" content=\"https:\/\/adiproangola.com\/pt-pt\/equipa-de-gestao\/\" \/>\n<meta property=\"og:site_name\" content=\"Adipro Angola\" \/>\n<meta property=\"article:modified_time\" content=\"2024-11-28T08:59:17+00:00\" \/>\n<meta name=\"twitter:card\" content=\"summary_large_image\" \/>\n<meta name=\"twitter:label1\" content=\"Tempo estimado de leitura\" \/>\n\t<meta name=\"twitter:data1\" content=\"1 minuto\" \/>\n<script type=\"application\/ld+json\" class=\"yoast-schema-graph\">{\"@context\":\"https:\/\/schema.org\",\"@graph\":[{\"@type\":\"WebPage\",\"@id\":\"https:\/\/adiproangola.com\/pt-pt\/equipa-de-gestao\/\",\"url\":\"https:\/\/adiproangola.com\/pt-pt\/equipa-de-gestao\/\",\"name\":\"Equipa de gest\u00e3o - Adipro Angola\",\"isPartOf\":{\"@id\":\"https:\/\/adiproangola.com\/pt-pt\/#website\"},\"datePublished\":\"2024-05-19T13:34:38+00:00\",\"dateModified\":\"2024-11-28T08:59:17+00:00\",\"breadcrumb\":{\"@id\":\"https:\/\/adiproangola.com\/pt-pt\/equipa-de-gestao\/#breadcrumb\"},\"inLanguage\":\"pt-PT\",\"potentialAction\":[{\"@type\":\"ReadAction\",\"target\":[\"https:\/\/adiproangola.com\/pt-pt\/equipa-de-gestao\/\"]}]},{\"@type\":\"BreadcrumbList\",\"@id\":\"https:\/\/adiproangola.com\/pt-pt\/equipa-de-gestao\/#breadcrumb\",\"itemListElement\":[{\"@type\":\"ListItem\",\"position\":1,\"name\":\"Home\",\"item\":\"https:\/\/adiproangola.com\/pt-pt\/\"},{\"@type\":\"ListItem\",\"position\":2,\"name\":\"Equipa de gest\u00e3o\"}]},{\"@type\":\"WebSite\",\"@id\":\"https:\/\/adiproangola.com\/pt-pt\/#website\",\"url\":\"https:\/\/adiproangola.com\/pt-pt\/\",\"name\":\"Adipro Angola\",\"description\":\"\",\"potentialAction\":[{\"@type\":\"SearchAction\",\"target\":{\"@type\":\"EntryPoint\",\"urlTemplate\":\"https:\/\/adiproangola.com\/pt-pt\/?s={search_term_string}\"},\"query-input\":{\"@type\":\"PropertyValueSpecification\",\"valueRequired\":true,\"valueName\":\"search_term_string\"}}],\"inLanguage\":\"pt-PT\"}]}<\/script>\n<!-- \/ Yoast SEO plugin. -->","yoast_head_json":{"title":"Equipa de gest\u00e3o - Adipro Angola","robots":{"index":"index","follow":"follow","max-snippet":"max-snippet:-1","max-image-preview":"max-image-preview:large","max-video-preview":"max-video-preview:-1"},"canonical":"https:\/\/adiproangola.com\/pt-pt\/equipa-de-gestao\/","og_locale":"pt_PT","og_type":"article","og_title":"Equipa de gest\u00e3o - Adipro Angola","og_description":"[vc_row full_width=&#8221;stretch_row&#8221; css=&#8221;.vc_custom_1716125980966{margin-top: 0px !important;margin-right: 5px !important;margin-bottom: 0px !important;margin-left: 5px !important;padding-top: 0px !important;background-color: #f5f5f5 !important;}&#8221;][vc_column equalizer_column=&#8221;yes&#8221;][\/vc_column][\/vc_row][vc_row full_width=&#8221;stretch_row&#8221; el_class=&#8221;gradient-testimonial&#8221; css=&#8221;.vc_custom_1729617464765{border-top-width: 1px !important;border-top-color: #efefef !important;border-top-style: solid !important;}&#8221; el_id=&#8221;o nosso cliente&#8221;][vc_column el_class=&#8221;custom-heading&#8221;][vc_row_inner el_class=&#8221;client&#8221;][vc_column_inner][vc_images_carousel images=&#8221;8983,8985,8987,8989,8991,8993,8995,8997,8999&#8243; img_size=&#8221;large&#8221; onclick=&#8221;link_no&#8221; speed=&#8221;2000&#8243; slides_per_view=&#8221;5&#8243; autoplay=&#8221;yes&#8221; hide_pagination_control=&#8221;yes&#8221; hide_prev_next_buttons=&#8221;yes&#8221; partial_view=&#8221;yes&#8221; el_class=&#8221;vc_custominfiniteloop&#8221;][\/vc_column_inner][\/vc_row_inner][\/vc_column][\/vc_row]","og_url":"https:\/\/adiproangola.com\/pt-pt\/equipa-de-gestao\/","og_site_name":"Adipro Angola","article_modified_time":"2024-11-28T08:59:17+00:00","twitter_card":"summary_large_image","twitter_misc":{"Tempo estimado de leitura":"1 minuto"},"schema":{"@context":"https:\/\/schema.org","@graph":[{"@type":"WebPage","@id":"https:\/\/adiproangola.com\/pt-pt\/equipa-de-gestao\/","url":"https:\/\/adiproangola.com\/pt-pt\/equipa-de-gestao\/","name":"Equipa de gest\u00e3o - Adipro Angola","isPartOf":{"@id":"https:\/\/adiproangola.com\/pt-pt\/#website"},"datePublished":"2024-05-19T13:34:38+00:00","dateModified":"2024-11-28T08:59:17+00:00","breadcrumb":{"@id":"https:\/\/adiproangola.com\/pt-pt\/equipa-de-gestao\/#breadcrumb"},"inLanguage":"pt-PT","potentialAction":[{"@type":"ReadAction","target":["https:\/\/adiproangola.com\/pt-pt\/equipa-de-gestao\/"]}]},{"@type":"BreadcrumbList","@id":"https:\/\/adiproangola.com\/pt-pt\/equipa-de-gestao\/#breadcrumb","itemListElement":[{"@type":"ListItem","position":1,"name":"Home","item":"https:\/\/adiproangola.com\/pt-pt\/"},{"@type":"ListItem","position":2,"name":"Equipa de gest\u00e3o"}]},{"@type":"WebSite","@id":"https:\/\/adiproangola.com\/pt-pt\/#website","url":"https:\/\/adiproangola.com\/pt-pt\/","name":"Adipro Angola","description":"","potentialAction":[{"@type":"SearchAction","target":{"@type":"EntryPoint","urlTemplate":"https:\/\/adiproangola.com\/pt-pt\/?s={search_term_string}"},"query-input":{"@type":"PropertyValueSpecification","valueRequired":true,"valueName":"search_term_string"}}],"inLanguage":"pt-PT"}]}},"_links":{"self":[{"href":"https:\/\/adiproangola.com\/pt-pt\/wp-json\/wp\/v2\/pages\/8750","targetHints":{"allow":["GET"]}}],"collection":[{"href":"https:\/\/adiproangola.com\/pt-pt\/wp-json\/wp\/v2\/pages"}],"about":[{"href":"https:\/\/adiproangola.com\/pt-pt\/wp-json\/wp\/v2\/types\/page"}],"author":[{"embeddable":true,"href":"https:\/\/adiproangola.com\/pt-pt\/wp-json\/wp\/v2\/users\/1"}],"replies":[{"embeddable":true,"href":"https:\/\/adiproangola.com\/pt-pt\/wp-json\/wp\/v2\/comments?post=8750"}],"version-history":[{"count":7,"href":"https:\/\/adiproangola.com\/pt-pt\/wp-json\/wp\/v2\/pages\/8750\/revisions"}],"predecessor-version":[{"id":9009,"href":"https:\/\/adiproangola.com\/pt-pt\/wp-json\/wp\/v2\/pages\/8750\/revisions\/9009"}],"wp:attachment":[{"href":"https:\/\/adiproangola.com\/pt-pt\/wp-json\/wp\/v2\/media?parent=8750"}],"curies":[{"name":"wp","href":"https:\/\/api.w.org\/{rel}","templated":true}]}}