{"id":8739,"date":"2024-03-06T08:32:19","date_gmt":"2024-03-06T07:32:19","guid":{"rendered":"https:\/\/adiproangola.com\/noticias\/"},"modified":"2024-11-15T15:04:31","modified_gmt":"2024-11-15T14:04:31","slug":"noticias","status":"publish","type":"page","link":"https:\/\/adiproangola.com\/pt-pt\/noticias\/","title":{"rendered":"Not\u00edcias"},"content":{"rendered":"<div class=\"wpb-content-wrapper\"><p>[vc_row][vc_column]\r\n\r\n<div class=\"wd_empty_space\" data-heightmobile=\"60\" data-heighttablet=\"60\" data-heightdesktop=\"30\">\r\n\r\n<\/div>\r\n      \r\n\r\n\r\n\r\n        \r\n      \r\n    \r\n    <ul\r\n      class='simple-blog small-block-grid-1 medium-block-grid-2 large-block-grid-3'>\r\n      \r\n        <li>\r\n          <div\r\n            class=\"wd-latest-news hvr-underline-from-center \" >\r\n            <div class=\"wd-image-date\">\r\n              <img fetchpriority=\"high\" decoding=\"async\" width=\"1280\" height=\"851\" src=\"https:\/\/adiproangola.com\/wp-content\/uploads\/2024\/10\/angola-4609639_1280.jpg\" class=\"attachment-petroleum_blog_shortcode size-petroleum_blog_shortcode wp-post-image\" alt=\"\" srcset=\"https:\/\/adiproangola.com\/wp-content\/uploads\/2024\/10\/angola-4609639_1280.jpg 1280w, https:\/\/adiproangola.com\/wp-content\/uploads\/2024\/10\/angola-4609639_1280-300x199.jpg 300w, https:\/\/adiproangola.com\/wp-content\/uploads\/2024\/10\/angola-4609639_1280-1024x681.jpg 1024w, https:\/\/adiproangola.com\/wp-content\/uploads\/2024\/10\/angola-4609639_1280-768x511.jpg 768w, https:\/\/adiproangola.com\/wp-content\/uploads\/2024\/10\/angola-4609639_1280-380x254.jpg 380w\" sizes=\"(max-width: 1280px) 100vw, 1280px\" \/>              <span><strong>17<\/strong>Out<\/span>\r\n            <\/div>\r\n            <h4 class=\"wd-title-element\"><a href=\"https:\/\/adiproangola.com\/pt-pt\/adipro-angola-o-teu-parceiro-local-para-solucoes-de-petroleo-e-gas-upstream\/\">Adipro Angola: O teu Parceiro Local para Solu\u00e7\u00f5es de Petr\u00f3leo e G\u00e1s Upstream<\/a><\/h4>\r\n            <p>\r\n              A Adipro Angola \u00e9 uma empresa din\u00e2mica e inovadora dedicada a servir a ind\u00fastria de petr\u00f3leo e g\u00e1s a montante em Angola. Fundada em 2024,&hellip;              <a class=\"hvr-pop read-more\" href=\"https:\/\/adiproangola.com\/pt-pt\/adipro-angola-o-teu-parceiro-local-para-solucoes-de-petroleo-e-gas-upstream\/\">Read More \u2192<\/a>\r\n            <\/p>\r\n          <\/div>\r\n        <\/li>\r\n      \r\n        <li>\r\n          <div\r\n            class=\"wd-latest-news hvr-underline-from-center \" >\r\n            <div class=\"wd-image-date\">\r\n              <img decoding=\"async\" width=\"1379\" height=\"945\" src=\"https:\/\/adiproangola.com\/wp-content\/uploads\/2024\/10\/image1.jpg\" class=\"attachment-petroleum_blog_shortcode size-petroleum_blog_shortcode wp-post-image\" alt=\"\" srcset=\"https:\/\/adiproangola.com\/wp-content\/uploads\/2024\/10\/image1.jpg 1379w, https:\/\/adiproangola.com\/wp-content\/uploads\/2024\/10\/image1-300x206.jpg 300w, https:\/\/adiproangola.com\/wp-content\/uploads\/2024\/10\/image1-1024x702.jpg 1024w, https:\/\/adiproangola.com\/wp-content\/uploads\/2024\/10\/image1-768x526.jpg 768w\" sizes=\"(max-width: 1379px) 100vw, 1379px\" \/>              <span><strong>17<\/strong>Out<\/span>\r\n            <\/div>\r\n            <h4 class=\"wd-title-element\"><a href=\"https:\/\/adiproangola.com\/pt-pt\/o-vasto-alcance-da-adipro-angola-em-operacoes-offshore-e-onshore\/\">O vasto alcance da Adipro Angola em opera\u00e7\u00f5es offshore e onshore<\/a><\/h4>\r\n            <p>\r\n              Esta parceria de canal v\u00ea o amplo alcance da Adipro Angola, tanto em opera\u00e7\u00f5es offshore como onshore, apoiado e alargado pelas capacidades globais da CES.&hellip;              <a class=\"hvr-pop read-more\" href=\"https:\/\/adiproangola.com\/pt-pt\/o-vasto-alcance-da-adipro-angola-em-operacoes-offshore-e-onshore\/\">Read More \u2192<\/a>\r\n            <\/p>\r\n          <\/div>\r\n        <\/li>\r\n          <\/ul>\r\n    <!-- pagination here -->\r\n        [\/vc_column][\/vc_row]<\/p>\n<\/div>","protected":false},"excerpt":{"rendered":"<p>[vc_row][vc_column][\/vc_column][\/vc_row]<\/p>\n","protected":false},"author":1,"featured_media":0,"parent":0,"menu_order":0,"comment_status":"closed","ping_status":"closed","template":"","meta":{"_acf_changed":false,"_relevanssi_hide_post":"","_relevanssi_hide_content":"","_relevanssi_pin_for_all":"","_relevanssi_pin_keywords":"","_relevanssi_unpin_keywords":"","_relevanssi_related_keywords":"","_relevanssi_related_include_ids":"","_relevanssi_related_exclude_ids":"","_relevanssi_related_no_append":"","_relevanssi_related_not_related":"","_relevanssi_related_posts":"","_relevanssi_noindex_reason":"","footnotes":""},"class_list":["post-8739","page","type-page","status-publish","hentry"],"acf":[],"yoast_head":"<!-- This site is optimized with the Yoast SEO plugin v23.8 - https:\/\/yoast.com\/wordpress\/plugins\/seo\/ -->\n<title>Not\u00edcias - Adipro Angola<\/title>\n<meta name=\"robots\" content=\"index, follow, max-snippet:-1, max-image-preview:large, max-video-preview:-1\" \/>\n<link rel=\"canonical\" href=\"https:\/\/adiproangola.com\/pt-pt\/noticias\/\" \/>\n<meta property=\"og:locale\" content=\"pt_PT\" \/>\n<meta property=\"og:type\" content=\"article\" \/>\n<meta property=\"og:title\" content=\"Not\u00edcias - Adipro Angola\" \/>\n<meta property=\"og:description\" content=\"[vc_row][vc_column][\/vc_column][\/vc_row]\" \/>\n<meta property=\"og:url\" content=\"https:\/\/adiproangola.com\/pt-pt\/noticias\/\" \/>\n<meta property=\"og:site_name\" content=\"Adipro Angola\" \/>\n<meta property=\"article:modified_time\" content=\"2024-11-15T14:04:31+00:00\" \/>\n<meta name=\"twitter:card\" content=\"summary_large_image\" \/>\n<script type=\"application\/ld+json\" class=\"yoast-schema-graph\">{\"@context\":\"https:\/\/schema.org\",\"@graph\":[{\"@type\":\"WebPage\",\"@id\":\"https:\/\/adiproangola.com\/pt-pt\/noticias\/\",\"url\":\"https:\/\/adiproangola.com\/pt-pt\/noticias\/\",\"name\":\"Not\u00edcias - Adipro Angola\",\"isPartOf\":{\"@id\":\"https:\/\/adiproangola.com\/pt-pt\/#website\"},\"datePublished\":\"2024-03-06T07:32:19+00:00\",\"dateModified\":\"2024-11-15T14:04:31+00:00\",\"breadcrumb\":{\"@id\":\"https:\/\/adiproangola.com\/pt-pt\/noticias\/#breadcrumb\"},\"inLanguage\":\"pt-PT\",\"potentialAction\":[{\"@type\":\"ReadAction\",\"target\":[\"https:\/\/adiproangola.com\/pt-pt\/noticias\/\"]}]},{\"@type\":\"BreadcrumbList\",\"@id\":\"https:\/\/adiproangola.com\/pt-pt\/noticias\/#breadcrumb\",\"itemListElement\":[{\"@type\":\"ListItem\",\"position\":1,\"name\":\"Home\",\"item\":\"https:\/\/adiproangola.com\/pt-pt\/\"},{\"@type\":\"ListItem\",\"position\":2,\"name\":\"Not\u00edcias\"}]},{\"@type\":\"WebSite\",\"@id\":\"https:\/\/adiproangola.com\/pt-pt\/#website\",\"url\":\"https:\/\/adiproangola.com\/pt-pt\/\",\"name\":\"Adipro Angola\",\"description\":\"\",\"potentialAction\":[{\"@type\":\"SearchAction\",\"target\":{\"@type\":\"EntryPoint\",\"urlTemplate\":\"https:\/\/adiproangola.com\/pt-pt\/?s={search_term_string}\"},\"query-input\":{\"@type\":\"PropertyValueSpecification\",\"valueRequired\":true,\"valueName\":\"search_term_string\"}}],\"inLanguage\":\"pt-PT\"}]}<\/script>\n<!-- \/ Yoast SEO plugin. -->","yoast_head_json":{"title":"Not\u00edcias - Adipro Angola","robots":{"index":"index","follow":"follow","max-snippet":"max-snippet:-1","max-image-preview":"max-image-preview:large","max-video-preview":"max-video-preview:-1"},"canonical":"https:\/\/adiproangola.com\/pt-pt\/noticias\/","og_locale":"pt_PT","og_type":"article","og_title":"Not\u00edcias - Adipro Angola","og_description":"[vc_row][vc_column][\/vc_column][\/vc_row]","og_url":"https:\/\/adiproangola.com\/pt-pt\/noticias\/","og_site_name":"Adipro Angola","article_modified_time":"2024-11-15T14:04:31+00:00","twitter_card":"summary_large_image","schema":{"@context":"https:\/\/schema.org","@graph":[{"@type":"WebPage","@id":"https:\/\/adiproangola.com\/pt-pt\/noticias\/","url":"https:\/\/adiproangola.com\/pt-pt\/noticias\/","name":"Not\u00edcias - Adipro Angola","isPartOf":{"@id":"https:\/\/adiproangola.com\/pt-pt\/#website"},"datePublished":"2024-03-06T07:32:19+00:00","dateModified":"2024-11-15T14:04:31+00:00","breadcrumb":{"@id":"https:\/\/adiproangola.com\/pt-pt\/noticias\/#breadcrumb"},"inLanguage":"pt-PT","potentialAction":[{"@type":"ReadAction","target":["https:\/\/adiproangola.com\/pt-pt\/noticias\/"]}]},{"@type":"BreadcrumbList","@id":"https:\/\/adiproangola.com\/pt-pt\/noticias\/#breadcrumb","itemListElement":[{"@type":"ListItem","position":1,"name":"Home","item":"https:\/\/adiproangola.com\/pt-pt\/"},{"@type":"ListItem","position":2,"name":"Not\u00edcias"}]},{"@type":"WebSite","@id":"https:\/\/adiproangola.com\/pt-pt\/#website","url":"https:\/\/adiproangola.com\/pt-pt\/","name":"Adipro Angola","description":"","potentialAction":[{"@type":"SearchAction","target":{"@type":"EntryPoint","urlTemplate":"https:\/\/adiproangola.com\/pt-pt\/?s={search_term_string}"},"query-input":{"@type":"PropertyValueSpecification","valueRequired":true,"valueName":"search_term_string"}}],"inLanguage":"pt-PT"}]}},"_links":{"self":[{"href":"https:\/\/adiproangola.com\/pt-pt\/wp-json\/wp\/v2\/pages\/8739","targetHints":{"allow":["GET"]}}],"collection":[{"href":"https:\/\/adiproangola.com\/pt-pt\/wp-json\/wp\/v2\/pages"}],"about":[{"href":"https:\/\/adiproangola.com\/pt-pt\/wp-json\/wp\/v2\/types\/page"}],"author":[{"embeddable":true,"href":"https:\/\/adiproangola.com\/pt-pt\/wp-json\/wp\/v2\/users\/1"}],"replies":[{"embeddable":true,"href":"https:\/\/adiproangola.com\/pt-pt\/wp-json\/wp\/v2\/comments?post=8739"}],"version-history":[{"count":1,"href":"https:\/\/adiproangola.com\/pt-pt\/wp-json\/wp\/v2\/pages\/8739\/revisions"}],"predecessor-version":[{"id":8740,"href":"https:\/\/adiproangola.com\/pt-pt\/wp-json\/wp\/v2\/pages\/8739\/revisions\/8740"}],"wp:attachment":[{"href":"https:\/\/adiproangola.com\/pt-pt\/wp-json\/wp\/v2\/media?parent=8739"}],"curies":[{"name":"wp","href":"https:\/\/api.w.org\/{rel}","templated":true}]}}