{"id":8219,"date":"2024-10-28T10:21:01","date_gmt":"2024-10-28T09:21:01","guid":{"rendered":"https:\/\/adiproangola.com\/sustentabilidade\/"},"modified":"2024-11-18T13:11:43","modified_gmt":"2024-11-18T12:11:43","slug":"sustentabilidade","status":"publish","type":"page","link":"https:\/\/adiproangola.com\/pt-pt\/sustentabilidade\/","title":{"rendered":"Sustentabilidade"},"content":{"rendered":"<div class=\"wpb-content-wrapper\"><p>[vc_row css=&#8221;.vc_custom_1730210787812{padding-right: 20px !important;padding-left: 20px !important;}&#8221;][vc_column][vc_custom_heading text=&#8221;No cora\u00e7\u00e3o do neg\u00f3cio da Adipro Angola est\u00e1 a sustentabilidade.&#8221; font_container=&#8221;tag:h1|text_align:center&#8221; el_class=&#8221;sustnblty-inner-heading&#8221;][\/vc_column][\/vc_row][vc_row css=&#8221;.vc_custom_1731564912198{margin-top: 40px !important;padding-right: 20px !important;padding-left: 20px !important;}&#8221; el_class=&#8221;icon_styling sus_angola_container&#8221;][vc_column width=&#8221;1\/3&#8243;][vc_icon icon_fontawesome=&#8221;far fa-lightbulb&#8221; color=&#8221;custom&#8221; background_style=&#8221;rounded-outline&#8221; background_color=&#8221;custom&#8221; size=&#8221;xl&#8221; align=&#8221;center&#8221; custom_color=&#8221;#f4911f&#8221; custom_background_color=&#8221;#f4911f&#8221;][vc_custom_heading text=&#8221;Reduzir a nossa pegada de carbono e construir um futuro mais limpo.&#8221; font_container=&#8221;tag:p|text_align:center&#8221; css=&#8221;.vc_custom_1730211452004{padding-right: 30px !important;padding-left: 30px !important;}&#8221;][\/vc_column][vc_column width=&#8221;1\/3&#8243;][vc_icon icon_fontawesome=&#8221;fas fa-recycle&#8221; color=&#8221;custom&#8221; background_style=&#8221;rounded-outline&#8221; background_color=&#8221;custom&#8221; size=&#8221;xl&#8221; align=&#8221;center&#8221; custom_color=&#8221;#f4911f&#8221; custom_background_color=&#8221;#f4911f&#8221;][vc_custom_heading text=&#8221;Destacar o bem-estar e a equidade nas comunidades em que operamos.&#8221; font_container=&#8221;tag:p|font_size:18|text_align:center&#8221; css=&#8221;.vc_custom_1730211414300{padding-right: 30px !important;padding-left: 30px !important;}&#8221;][\/vc_column][vc_column width=&#8221;1\/3&#8243;][vc_icon icon_fontawesome=&#8221;fas fa-globe&#8221; color=&#8221;custom&#8221; background_style=&#8221;rounded-outline&#8221; background_color=&#8221;custom&#8221; size=&#8221;xl&#8221; align=&#8221;center&#8221; custom_color=&#8221;#f4911f&#8221; custom_background_color=&#8221;#f4911f&#8221;][vc_custom_heading text=&#8221;Gerir uma empresa segura, eficiente e \u00e9tica com sistemas de governa\u00e7\u00e3o eficazes.&#8221; font_container=&#8221;tag:p|font_size:18|text_align:center&#8221; css=&#8221;.vc_custom_1730211429850{padding-right: 30px !important;padding-left: 30px !important;}&#8221;][\/vc_column][vc_column]\r\n\r\n<div class=\"wd_empty_space\" data-heightmobile=\"30\" data-heighttablet=\"40\" data-heightdesktop=\"50\">\r\n\r\n<\/div>\r\n      \r\n\r\n\r\n\r\n        \r\n      \r\n    [vc_column_text css=&#8221;.vc_custom_1731564617855{padding-top: 30px !important;padding-right: 30px !important;padding-bottom: 30px !important;padding-left: 30px !important;background-color: #f2b004 !important;}&#8221;]<\/p>\n<div class=\"sus_angola_img\"><img fetchpriority=\"high\" decoding=\"async\" class=\"size-medium wp-image-7343 alignright\" style=\"border-radius: 10px !important;\" src=\"https:\/\/adiproangola.com\/wp-content\/uploads\/2024\/10\/icon-3116593_1280.jpg\" alt=\"\" width=\"300\" height=\"225\"><\/div>\n<div class=\"sus_angola_flag_content\">\n<p class=\"p1 home-main-content\" style=\"text-align: left; font-weight: 500 !important; font-size: 22px !important;\">A Adipro Angola est\u00e1 empenhada em desempenhar um papel fundamental na constru\u00e7\u00e3o do futuro de Angola.<\/p>\n<p style=\"text-align: left;\">Atrav\u00e9s de iniciativas inovadoras e de um compromisso com o desenvolvimento sustent\u00e1vel, pretendemos contribuir para o progresso da na\u00e7\u00e3o em v\u00e1rios sectores. As nossas \u00e1reas de foco incluem o desenvolvimento econ\u00f3mico e a cria\u00e7\u00e3o de emprego, a educa\u00e7\u00e3o e o desenvolvimento humano, o desenvolvimento sustent\u00e1vel e a prote\u00e7\u00e3o ambiental, e o envolvimento da comunidade e a responsabilidade social. Ao investir em infra-estruturas, apoiar o empreendedorismo, melhorar a qualidade da educa\u00e7\u00e3o, promover as energias renov\u00e1veis e colaborar com as comunidades locais, esfor\u00e7amo-nos por criar um futuro melhor para Angola.<\/p>\n<\/div>\n<p>[\/vc_column_text][\/vc_column][\/vc_row][vc_row full_width=&#8221;stretch_row&#8221; el_class=&#8221;sustnblty-row sustnblty-row-bg&#8221; css=&#8221;.vc_custom_1730300886038{background-color: #ffffff !important;}&#8221;][vc_column css=&#8221;.vc_custom_1730212557775{padding-right: 20px !important;padding-left: 20px !important;}&#8221;]\r\n\r\n<div class=\"\" >\r\n  <div class=\"large-12 columns  wd-title-section_l\" >\r\n      <h2>Adipro International Initiatives<\/h2>\r\n      \r\n  <\/div>\r\n<\/div>\r\n\r\n  \r\n[\/vc_column][\/vc_row][vc_row full_width=&#8221;stretch_row&#8221; css=&#8221;.vc_custom_1730212470413{padding-bottom: 30px !important;}&#8221; el_class=&#8221;sustnblty-row-bg&#8221;][vc_column width=&#8221;1\/3&#8243; el_class=&#8221;sustnblty-blogs&#8221; css=&#8221;.vc_custom_1711611801946{padding-right: 20px !important;padding-left: 20px !important;}&#8221;][vc_single_image image=&#8221;8586&#8243; img_size=&#8221;414&#215;284&#8243; onclick=&#8221;custom_link&#8221; link=&#8221;https:\/\/adiproangola.com\/pt-pt\/blogs\/capacitar-as-comunidades-atraves-do-nosso-braco-de-rse-evolve\/#S-Connect&#8221;][vc_custom_heading text=&#8221;Evolve S &#8211; Connect Program&#8221; font_container=&#8221;tag:h4|font_size:20|text_align:left&#8221; css=&#8221;.vc_custom_1731566019947{margin-top: 30px !important;}&#8221; link=&#8221;url:https%3A%2F%2Fkzn.a3c.myftpupload.com%2Fpt-pt%2Fblogs%2Fcapacitar-as-comunidades-atraves-do-nosso-braco-de-rse-evolve%2F%23S-Connect|&#8221;][vc_column_text]<span style=\"font-size: 16px;\">Descubra o compromisso da Evolve com a educa\u00e7\u00e3o das raparigas. <\/span>[\/vc_column_text][vc_btn title=&#8221;Leia mais&#8221; style=&#8221;classic&#8221; shape=&#8221;square&#8221; color=&#8221;green&#8221; css=&#8221;.vc_custom_1731931874752{margin-top: 30px !important;margin-bottom: 50px !important;}&#8221; link=&#8221;url:%2Fpt-pt%2Fblogs%2Fcapacitar-as-comunidades-atraves-do-nosso-braco-de-rse-evolve%2F&#8221; el_class=&#8221;custom-btn-color&#8221;][\/vc_column][vc_column width=&#8221;1\/3&#8243; css=&#8221;.vc_custom_1711612640726{padding-right: 20px !important;padding-left: 20px !important;}&#8221; el_class=&#8221;sustnblty-blogs&#8221;][vc_single_image image=&#8221;8567&#8243; img_size=&#8221;414&#215;284&#8243; onclick=&#8221;custom_link&#8221; link=&#8221;https:\/\/adiproangola.com\/pt-pt\/blogs\/abracando-a-responsabilidade-ambiental-a-nossa-viagem-sustentavel\/#heartfulness&#8221;][vc_custom_heading text=&#8221;Floresta pela Heartfulness Initiative&#8221; font_container=&#8221;tag:h4|font_size:20|text_align:left&#8221; css=&#8221;.vc_custom_1714208679815{margin-top: 30px !important;}&#8221; link=&#8221;url:https%3A%2F%2Fkzn.a3c.myftpupload.com%2Fpt-pt%2Fblogs%2Fabracando-a-responsabilidade-ambiental-a-nossa-viagem-sustentavel%2F%23heartfulness|&#8221;][vc_column_text]<span style=\"font-size: 16px;\">Veja a nossa viagem rumo a um futuro neutro em termos de carbono at\u00e9 2030. <\/span>[\/vc_column_text][vc_btn title=&#8221;Leia mais&#8221; style=&#8221;classic&#8221; shape=&#8221;square&#8221; color=&#8221;green&#8221; css=&#8221;.vc_custom_1731931887747{margin-top: 30px !important;margin-bottom: 50px !important;}&#8221; link=&#8221;url:%2Fpt-pt%2Fblogs%2Fabracando-a-responsabilidade-ambiental-a-nossa-viagem-sustentavel%2F%23heartfulness&#8221; el_class=&#8221;custom-btn-color&#8221;][\/vc_column][vc_column width=&#8221;1\/3&#8243; css=&#8221;.vc_custom_1711612651361{padding-right: 20px !important;padding-left: 20px !important;}&#8221; el_class=&#8221;sustnblty-blogs&#8221;][vc_single_image image=&#8221;8705&#8243; img_size=&#8221;414&#215;284&#8243; onclick=&#8221;custom_link&#8221; link=&#8221;https:\/\/adiproangola.com\/pt-pt\/blogs\/capacitar-a-nossa-forca-de-trabalho-e-garantir-praticas-eticas\/#adizesInstitute&#8221;][vc_custom_heading text=&#8221;Parceria com o Instituto Adizes&#8221; font_container=&#8221;tag:h4|font_size:20|text_align:left&#8221; css=&#8221;.vc_custom_1714208689358{margin-top: 30px !important;}&#8221; link=&#8221;url:https%3A%2F%2Fkzn.a3c.myftpupload.com%2Fpt-pt%2Fblogs%2Fcapacitar-a-nossa-forca-de-trabalho-e-garantir-praticas-eticas%2F%23adizesInstitute|&#8221;][vc_column_text]<span style=\"font-size: 16px;\">Descubra como as nossas mudan\u00e7as estrat\u00e9gicas est\u00e3o a moldar a nossa organiza\u00e7\u00e3o. <\/span>[\/vc_column_text][vc_btn title=&#8221;Leia mais&#8221; style=&#8221;classic&#8221; shape=&#8221;square&#8221; color=&#8221;green&#8221; css=&#8221;.vc_custom_1731931900378{margin-top: 30px !important;margin-bottom: 50px !important;}&#8221; link=&#8221;url:%2Fpt-pt%2Fblogs%2Fcapacitar-a-nossa-forca-de-trabalho-e-garantir-praticas-eticas%2F%23adizesInstitute&#8221; el_class=&#8221;custom-btn-color&#8221;][\/vc_column][\/vc_row][vc_row full_width=&#8221;stretch_row&#8221; el_class=&#8221;gradient-testimonial&#8221; css=&#8221;.vc_custom_1712819297691{border-top-width: 1px !important;border-top-color: #efefef !important;border-top-style: solid !important;}&#8221;][vc_column css=&#8221;.vc_custom_1712819304636{padding-right: 20px !important;padding-left: 20px !important;}&#8221;]\r\n\r\n<div class=\"\" >\r\n  <div class=\"large-12 columns  wd-title-section_l\" >\r\n      <h2>Adipro International Clients<\/h2>\r\n      \r\n  <\/div>\r\n<\/div>\r\n\r\n  \r\n\r\n\r\n<div class=\"wd_empty_space\" data-heightmobile=\"20\" data-heighttablet=\"30\" data-heightdesktop=\"60\">\r\n\r\n<\/div>\r\n      \r\n\r\n\r\n\r\n        \r\n      \r\n    [vc_row_inner][vc_column_inner css=&#8221;.vc_custom_1712819343879{padding-right: 20px !important;padding-left: 0px !important;}&#8221;][vc_images_carousel images=&#8221;5901,5902,5903,5904,5905,5906,5907,5908,5909,5910,5911&#8243; img_size=&#8221;large&#8221; onclick=&#8221;link_no&#8221; speed=&#8221;3000&#8243; slides_per_view=&#8221;6&#8243; autoplay=&#8221;yes&#8221; hide_pagination_control=&#8221;yes&#8221; hide_prev_next_buttons=&#8221;yes&#8221; wrap=&#8221;yes&#8221; el_class=&#8221;vc_custominfiniteloop&#8221;][\/vc_column_inner][\/vc_row_inner]\r\n\r\n<div class=\"wd_empty_space\" data-heightmobile=\"20\" data-heighttablet=\"30\" data-heightdesktop=\"60\">\r\n\r\n<\/div>\r\n      \r\n\r\n\r\n\r\n        \r\n      \r\n    [\/vc_column][\/vc_row]<\/p>\n<\/div>","protected":false},"excerpt":{"rendered":"<p>[vc_row css=&#8221;.vc_custom_1730210787812{padding-right: 20px !important;padding-left: 20px !important;}&#8221;][vc_column][vc_custom_heading text=&#8221;No cora\u00e7\u00e3o do neg\u00f3cio da Adipro Angola est\u00e1 a sustentabilidade.&#8221; font_container=&#8221;tag:h1|text_align:center&#8221; el_class=&#8221;sustnblty-inner-heading&#8221;][\/vc_column][\/vc_row][vc_row css=&#8221;.vc_custom_1731564912198{margin-top: 40px !important;padding-right: 20px !important;padding-left: 20px !important;}&#8221; el_class=&#8221;icon_styling sus_angola_container&#8221;][vc_column width=&#8221;1\/3&#8243;][vc_icon icon_fontawesome=&#8221;far fa-lightbulb&#8221; color=&#8221;custom&#8221; background_style=&#8221;rounded-outline&#8221; background_color=&#8221;custom&#8221; size=&#8221;xl&#8221; align=&#8221;center&#8221; custom_color=&#8221;#f4911f&#8221; custom_background_color=&#8221;#f4911f&#8221;][vc_custom_heading text=&#8221;Reduzir a nossa pegada de carbono e construir um futuro mais limpo.&#8221; font_container=&#8221;tag:p|text_align:center&#8221; css=&#8221;.vc_custom_1730211452004{padding-right: 30px !important;padding-left: 30px !important;}&#8221;][\/vc_column][vc_column [&hellip;]<\/p>\n","protected":false},"author":30,"featured_media":0,"parent":0,"menu_order":0,"comment_status":"closed","ping_status":"closed","template":"","meta":{"_acf_changed":false,"_relevanssi_hide_post":"","_relevanssi_hide_content":"","_relevanssi_pin_for_all":"","_relevanssi_pin_keywords":"","_relevanssi_unpin_keywords":"","_relevanssi_related_keywords":"","_relevanssi_related_include_ids":"","_relevanssi_related_exclude_ids":"","_relevanssi_related_no_append":"","_relevanssi_related_not_related":"","_relevanssi_related_posts":"","_relevanssi_noindex_reason":"","footnotes":""},"class_list":["post-8219","page","type-page","status-publish","hentry"],"acf":[],"yoast_head":"<!-- This site is optimized with the Yoast SEO plugin v23.8 - https:\/\/yoast.com\/wordpress\/plugins\/seo\/ -->\n<title>Sustentabilidade - Adipro Angola<\/title>\n<meta name=\"robots\" content=\"index, follow, max-snippet:-1, max-image-preview:large, max-video-preview:-1\" \/>\n<link rel=\"canonical\" href=\"https:\/\/adiproangola.com\/pt-pt\/sustentabilidade\/\" \/>\n<meta property=\"og:locale\" content=\"pt_PT\" \/>\n<meta property=\"og:type\" content=\"article\" \/>\n<meta property=\"og:title\" content=\"Sustentabilidade - Adipro Angola\" \/>\n<meta property=\"og:description\" content=\"[vc_row css=&#8221;.vc_custom_1730210787812{padding-right: 20px !important;padding-left: 20px !important;}&#8221;][vc_column][vc_custom_heading text=&#8221;No cora\u00e7\u00e3o do neg\u00f3cio da Adipro Angola est\u00e1 a sustentabilidade.&#8221; font_container=&#8221;tag:h1|text_align:center&#8221; el_class=&#8221;sustnblty-inner-heading&#8221;][\/vc_column][\/vc_row][vc_row css=&#8221;.vc_custom_1731564912198{margin-top: 40px !important;padding-right: 20px !important;padding-left: 20px !important;}&#8221; el_class=&#8221;icon_styling sus_angola_container&#8221;][vc_column width=&#8221;1\/3&#8243;][vc_icon icon_fontawesome=&#8221;far fa-lightbulb&#8221; color=&#8221;custom&#8221; background_style=&#8221;rounded-outline&#8221; background_color=&#8221;custom&#8221; size=&#8221;xl&#8221; align=&#8221;center&#8221; custom_color=&#8221;#f4911f&#8221; custom_background_color=&#8221;#f4911f&#8221;][vc_custom_heading text=&#8221;Reduzir a nossa pegada de carbono e construir um futuro mais limpo.&#8221; font_container=&#8221;tag:p|text_align:center&#8221; css=&#8221;.vc_custom_1730211452004{padding-right: 30px !important;padding-left: 30px !important;}&#8221;][\/vc_column][vc_column [&hellip;]\" \/>\n<meta property=\"og:url\" content=\"https:\/\/adiproangola.com\/pt-pt\/sustentabilidade\/\" \/>\n<meta property=\"og:site_name\" content=\"Adipro Angola\" \/>\n<meta property=\"article:modified_time\" content=\"2024-11-18T12:11:43+00:00\" \/>\n<meta property=\"og:image\" content=\"https:\/\/adiproangola.com\/wp-content\/uploads\/2024\/10\/angola-2128605_1280.jpg\" \/>\n\t<meta property=\"og:image:width\" content=\"1280\" \/>\n\t<meta property=\"og:image:height\" content=\"960\" \/>\n\t<meta property=\"og:image:type\" content=\"image\/jpeg\" \/>\n<meta name=\"twitter:card\" content=\"summary_large_image\" \/>\n<meta name=\"twitter:label1\" content=\"Tempo estimado de leitura\" \/>\n\t<meta name=\"twitter:data1\" content=\"3 minutos\" \/>\n<script type=\"application\/ld+json\" class=\"yoast-schema-graph\">{\"@context\":\"https:\/\/schema.org\",\"@graph\":[{\"@type\":\"WebPage\",\"@id\":\"https:\/\/adiproangola.com\/pt-pt\/sustentabilidade\/\",\"url\":\"https:\/\/adiproangola.com\/pt-pt\/sustentabilidade\/\",\"name\":\"Sustentabilidade - Adipro Angola\",\"isPartOf\":{\"@id\":\"https:\/\/adiproangola.com\/pt-pt\/#website\"},\"primaryImageOfPage\":{\"@id\":\"https:\/\/adiproangola.com\/pt-pt\/sustentabilidade\/#primaryimage\"},\"image\":{\"@id\":\"https:\/\/adiproangola.com\/pt-pt\/sustentabilidade\/#primaryimage\"},\"thumbnailUrl\":\"https:\/\/adiproangola.com\/wp-content\/uploads\/2024\/10\/icon-3116593_1280.jpg\",\"datePublished\":\"2024-10-28T09:21:01+00:00\",\"dateModified\":\"2024-11-18T12:11:43+00:00\",\"breadcrumb\":{\"@id\":\"https:\/\/adiproangola.com\/pt-pt\/sustentabilidade\/#breadcrumb\"},\"inLanguage\":\"pt-PT\",\"potentialAction\":[{\"@type\":\"ReadAction\",\"target\":[\"https:\/\/adiproangola.com\/pt-pt\/sustentabilidade\/\"]}]},{\"@type\":\"ImageObject\",\"inLanguage\":\"pt-PT\",\"@id\":\"https:\/\/adiproangola.com\/pt-pt\/sustentabilidade\/#primaryimage\",\"url\":\"https:\/\/adiproangola.com\/wp-content\/uploads\/2024\/10\/icon-3116593_1280.jpg\",\"contentUrl\":\"https:\/\/adiproangola.com\/wp-content\/uploads\/2024\/10\/icon-3116593_1280.jpg\"},{\"@type\":\"BreadcrumbList\",\"@id\":\"https:\/\/adiproangola.com\/pt-pt\/sustentabilidade\/#breadcrumb\",\"itemListElement\":[{\"@type\":\"ListItem\",\"position\":1,\"name\":\"Home\",\"item\":\"https:\/\/adiproangola.com\/pt-pt\/\"},{\"@type\":\"ListItem\",\"position\":2,\"name\":\"Sustentabilidade\"}]},{\"@type\":\"WebSite\",\"@id\":\"https:\/\/adiproangola.com\/pt-pt\/#website\",\"url\":\"https:\/\/adiproangola.com\/pt-pt\/\",\"name\":\"Adipro Angola\",\"description\":\"\",\"potentialAction\":[{\"@type\":\"SearchAction\",\"target\":{\"@type\":\"EntryPoint\",\"urlTemplate\":\"https:\/\/adiproangola.com\/pt-pt\/?s={search_term_string}\"},\"query-input\":{\"@type\":\"PropertyValueSpecification\",\"valueRequired\":true,\"valueName\":\"search_term_string\"}}],\"inLanguage\":\"pt-PT\"}]}<\/script>\n<!-- \/ Yoast SEO plugin. -->","yoast_head_json":{"title":"Sustentabilidade - Adipro Angola","robots":{"index":"index","follow":"follow","max-snippet":"max-snippet:-1","max-image-preview":"max-image-preview:large","max-video-preview":"max-video-preview:-1"},"canonical":"https:\/\/adiproangola.com\/pt-pt\/sustentabilidade\/","og_locale":"pt_PT","og_type":"article","og_title":"Sustentabilidade - Adipro Angola","og_description":"[vc_row css=&#8221;.vc_custom_1730210787812{padding-right: 20px !important;padding-left: 20px !important;}&#8221;][vc_column][vc_custom_heading text=&#8221;No cora\u00e7\u00e3o do neg\u00f3cio da Adipro Angola est\u00e1 a sustentabilidade.&#8221; font_container=&#8221;tag:h1|text_align:center&#8221; el_class=&#8221;sustnblty-inner-heading&#8221;][\/vc_column][\/vc_row][vc_row css=&#8221;.vc_custom_1731564912198{margin-top: 40px !important;padding-right: 20px !important;padding-left: 20px !important;}&#8221; el_class=&#8221;icon_styling sus_angola_container&#8221;][vc_column width=&#8221;1\/3&#8243;][vc_icon icon_fontawesome=&#8221;far fa-lightbulb&#8221; color=&#8221;custom&#8221; background_style=&#8221;rounded-outline&#8221; background_color=&#8221;custom&#8221; size=&#8221;xl&#8221; align=&#8221;center&#8221; custom_color=&#8221;#f4911f&#8221; custom_background_color=&#8221;#f4911f&#8221;][vc_custom_heading text=&#8221;Reduzir a nossa pegada de carbono e construir um futuro mais limpo.&#8221; font_container=&#8221;tag:p|text_align:center&#8221; css=&#8221;.vc_custom_1730211452004{padding-right: 30px !important;padding-left: 30px !important;}&#8221;][\/vc_column][vc_column [&hellip;]","og_url":"https:\/\/adiproangola.com\/pt-pt\/sustentabilidade\/","og_site_name":"Adipro Angola","article_modified_time":"2024-11-18T12:11:43+00:00","og_image":[{"width":1280,"height":960,"url":"https:\/\/adiproangola.com\/wp-content\/uploads\/2024\/10\/angola-2128605_1280.jpg","type":"image\/jpeg"}],"twitter_card":"summary_large_image","twitter_misc":{"Tempo estimado de leitura":"3 minutos"},"schema":{"@context":"https:\/\/schema.org","@graph":[{"@type":"WebPage","@id":"https:\/\/adiproangola.com\/pt-pt\/sustentabilidade\/","url":"https:\/\/adiproangola.com\/pt-pt\/sustentabilidade\/","name":"Sustentabilidade - Adipro Angola","isPartOf":{"@id":"https:\/\/adiproangola.com\/pt-pt\/#website"},"primaryImageOfPage":{"@id":"https:\/\/adiproangola.com\/pt-pt\/sustentabilidade\/#primaryimage"},"image":{"@id":"https:\/\/adiproangola.com\/pt-pt\/sustentabilidade\/#primaryimage"},"thumbnailUrl":"https:\/\/adiproangola.com\/wp-content\/uploads\/2024\/10\/icon-3116593_1280.jpg","datePublished":"2024-10-28T09:21:01+00:00","dateModified":"2024-11-18T12:11:43+00:00","breadcrumb":{"@id":"https:\/\/adiproangola.com\/pt-pt\/sustentabilidade\/#breadcrumb"},"inLanguage":"pt-PT","potentialAction":[{"@type":"ReadAction","target":["https:\/\/adiproangola.com\/pt-pt\/sustentabilidade\/"]}]},{"@type":"ImageObject","inLanguage":"pt-PT","@id":"https:\/\/adiproangola.com\/pt-pt\/sustentabilidade\/#primaryimage","url":"https:\/\/adiproangola.com\/wp-content\/uploads\/2024\/10\/icon-3116593_1280.jpg","contentUrl":"https:\/\/adiproangola.com\/wp-content\/uploads\/2024\/10\/icon-3116593_1280.jpg"},{"@type":"BreadcrumbList","@id":"https:\/\/adiproangola.com\/pt-pt\/sustentabilidade\/#breadcrumb","itemListElement":[{"@type":"ListItem","position":1,"name":"Home","item":"https:\/\/adiproangola.com\/pt-pt\/"},{"@type":"ListItem","position":2,"name":"Sustentabilidade"}]},{"@type":"WebSite","@id":"https:\/\/adiproangola.com\/pt-pt\/#website","url":"https:\/\/adiproangola.com\/pt-pt\/","name":"Adipro Angola","description":"","potentialAction":[{"@type":"SearchAction","target":{"@type":"EntryPoint","urlTemplate":"https:\/\/adiproangola.com\/pt-pt\/?s={search_term_string}"},"query-input":{"@type":"PropertyValueSpecification","valueRequired":true,"valueName":"search_term_string"}}],"inLanguage":"pt-PT"}]}},"_links":{"self":[{"href":"https:\/\/adiproangola.com\/pt-pt\/wp-json\/wp\/v2\/pages\/8219","targetHints":{"allow":["GET"]}}],"collection":[{"href":"https:\/\/adiproangola.com\/pt-pt\/wp-json\/wp\/v2\/pages"}],"about":[{"href":"https:\/\/adiproangola.com\/pt-pt\/wp-json\/wp\/v2\/types\/page"}],"author":[{"embeddable":true,"href":"https:\/\/adiproangola.com\/pt-pt\/wp-json\/wp\/v2\/users\/30"}],"replies":[{"embeddable":true,"href":"https:\/\/adiproangola.com\/pt-pt\/wp-json\/wp\/v2\/comments?post=8219"}],"version-history":[{"count":8,"href":"https:\/\/adiproangola.com\/pt-pt\/wp-json\/wp\/v2\/pages\/8219\/revisions"}],"predecessor-version":[{"id":8946,"href":"https:\/\/adiproangola.com\/pt-pt\/wp-json\/wp\/v2\/pages\/8219\/revisions\/8946"}],"wp:attachment":[{"href":"https:\/\/adiproangola.com\/pt-pt\/wp-json\/wp\/v2\/media?parent=8219"}],"curies":[{"name":"wp","href":"https:\/\/api.w.org\/{rel}","templated":true}]}}