{"id":8205,"date":"2024-10-15T20:21:26","date_gmt":"2024-10-15T19:21:26","guid":{"rendered":"https:\/\/adiproangola.com\/inovacao-e-tecnologia\/"},"modified":"2024-11-18T08:51:16","modified_gmt":"2024-11-18T07:51:16","slug":"inovacao-e-tecnologia","status":"publish","type":"page","link":"https:\/\/adiproangola.com\/pt-pt\/inovacao-e-tecnologia\/","title":{"rendered":"Inova\u00e7\u00e3o e tecnologia"},"content":{"rendered":"<div class=\"wpb-content-wrapper\"><p>[vc_row full_width=&#8221;stretch_row&#8221; css=&#8221;.vc_custom_1729020320944{margin-top: 0px !important;margin-right: 5px !important;margin-bottom: 0px !important;margin-left: 5px !important;background-color: #ffffff !important;}&#8221;][vc_column]\r\n\r\n<div class=\"wd_empty_space\" data-heightmobile=\"30\" data-heighttablet=\"0\" data-heightdesktop=\"0\">\r\n\r\n<\/div>\r\n      \r\n\r\n\r\n\r\n        \r\n      \r\n    \r\n\r\n<div class=\"\" >\r\n  <div class=\"large-12 columns  wd-title-section_c\" >\r\n      <h2>Adipro Africa Technology Centre<\/h2>\r\n      \r\n  <\/div>\r\n<\/div>\r\n\r\n  \r\n[vc_row_inner equal_height=&#8221;yes&#8221; gap=&#8221;5&#8243; el_class=&#8221;technology_center&#8221;][vc_column_inner width=&#8221;1\/2&#8243; offset=&#8221;vc_hidden-sm vc_hidden-xs&#8221;][vc_column_text]<\/p>\n<div class=\"wd-title-block\">\n<p class=\"p1\" style=\"font-size: 18px !important;\">A PG Labs (Adipro Africa Technology Center \u2013 AATC) desenvolveu e equipou um laborat\u00f3rio de qu\u00edmicos de produ\u00e7\u00e3o padr\u00e3o, acreditado pela ISO 17025. A Adipro PG Labs tamb\u00e9m \u00e9 membro do programa de testes em anel da ASTM e est\u00e1 registrada no Instituto de An\u00e1lise P\u00fablica da Nig\u00e9ria (IPAN) para a presta\u00e7\u00e3o de servi\u00e7os anal\u00edticos, desenvolvimento de produtos para finalidades espec\u00edficas e para atender a todas as necessidades de controle e garantia de qualidade das nossas actividades. Al\u00e9m disso, a Adipro e a PEARL t\u00eam acesso aos laborat\u00f3rios de P&amp;D da CES Energy Solution, bem como \u00e0 expertise especializada para realiza\u00e7\u00e3o de testes espec\u00edficos e desenvolvimento de solu\u00e7\u00f5es.<\/p>\n<\/div>\n<p>[\/vc_column_text][\/vc_column_inner][vc_column_inner el_class=&#8221;abtName img-radius&#8221; width=&#8221;1\/2&#8243; css=&#8221;.vc_custom_1729525364041{padding-left: 40px !important;}&#8221; offset=&#8221;vc_hidden-sm vc_hidden-xs&#8221;][vc_single_image image=&#8221;8174&#8243; img_size=&#8221;full&#8221;][\/vc_column_inner][\/vc_row_inner][vc_row_inner el_class=&#8221;technology_center&#8221;][vc_column_inner offset=&#8221;vc_hidden-lg vc_hidden-md&#8221;][vc_single_image image=&#8221;8174&#8243; img_size=&#8221;full&#8221;]\r\n\r\n<div class=\"wd_empty_space\" data-heightmobile=\"30\" data-heighttablet=\"30\" data-heightdesktop=\"30\">\r\n\r\n<\/div>\r\n      \r\n\r\n\r\n\r\n        \r\n      \r\n    [vc_column_text]<\/p>\n<div class=\"wd-title-block\">\n<p class=\"p1\">A PG Labs (Adipro Africa Technology Center \u2013 AATC) desenvolveu e equipou um laborat\u00f3rio de qu\u00edmicos de produ\u00e7\u00e3o padr\u00e3o, acreditado pela ISO 17025. A Adipro PG Labs tamb\u00e9m \u00e9 membro do programa de testes em anel da ASTM e est\u00e1 registrada no Instituto de An\u00e1lise P\u00fablica da Nig\u00e9ria (IPAN) para a presta\u00e7\u00e3o de servi\u00e7os anal\u00edticos, desenvolvimento de produtos para finalidades espec\u00edficas e para atender a todas as necessidades de controle e garantia de qualidade das nossas actividades. Al\u00e9m disso, a Adipro e a PEARL t\u00eam acesso aos laborat\u00f3rios de P&amp;D da CES Energy Solution, bem como \u00e0 expertise especializada para realiza\u00e7\u00e3o de testes espec\u00edficos e desenvolvimento de solu\u00e7\u00f5es.<\/p>\n<\/div>\n<p>[\/vc_column_text][\/vc_column_inner][\/vc_row_inner]\r\n\r\n<div class=\"wd_empty_space\" data-heightmobile=\"50\" data-heighttablet=\"50\" data-heightdesktop=\"80\">\r\n\r\n<\/div>\r\n      \r\n\r\n\r\n\r\n        \r\n      \r\n    [\/vc_column][\/vc_row][vc_row el_id=&#8221;sec\u00e7\u00e3o_qms&#8221; css=&#8221;.vc_custom_1730270526854{padding-right: 20px !important;padding-left: 20px !important;}&#8221; el_class=&#8221;quality_management&#8221;][vc_column]\r\n\r\n<div class=\"\" >\r\n  <div class=\"large-12 columns  wd-title-section_c\" >\r\n      <h2>Quality Management System (QMS)\/Health, Safety &amp; Environment (HSE)<\/h2>\r\n      \r\n  <\/div>\r\n<\/div>\r\n\r\n  \r\n[\/vc_column][vc_column width=&#8221;1\/2&#8243; offset=&#8221;vc_hidden-sm vc_hidden-xs&#8221;][vc_single_image image=&#8221;6591&#8243; img_size=&#8221;full&#8221; alignment=&#8221;center&#8221;][\/vc_column][vc_column width=&#8221;1\/2&#8243; el_class=&#8221;qms_heading&#8221; css=&#8221;.vc_custom_1729525438328{padding-left: 30px !important;}&#8221; offset=&#8221;vc_hidden-sm vc_hidden-xs&#8221;][vc_column_text]<\/p>\n<p class=\"p1\"><span class=\"s1\">A Adipro Angola tem parcerias com t\u00e9cnicos profissionais que d\u00e3o grande \u00eanfase ao SGQ e HSE.<\/span><\/p>\n<p>[\/vc_column_text][vc_column_text]<\/p>\n<p class=\"p1\"><span class=\"s1\">Com base nisso, todos os nossos parceiros t\u00e9cnicos possuem certifica\u00e7\u00e3o ISO 9001 e 14000. As nossas atividades de produ\u00e7\u00e3o e opera\u00e7\u00f5es s\u00e3o controladas pelos padr\u00f5es do sistema de gest\u00e3o ISO 9001:2015, ISO 14001:2015 e ISO 45001:2018, garantindo produtos de alta qualidade em todos os momentos. <\/span><\/p>\n<p class=\"p1\"><span class=\"s1\">A Adipro Angola, em conjunto com os nossos parceiros t\u00e9cnicos, garante o suporte t\u00e9cnico para os nossos produtos e servi\u00e7os nos locais dos clientes e durante a presta\u00e7\u00e3o do servi\u00e7o.<\/span><\/p>\n<p>[\/vc_column_text][\/vc_column][vc_column offset=&#8221;vc_hidden-lg vc_hidden-md&#8221;][vc_single_image image=&#8221;6591&#8243; img_size=&#8221;full&#8221; alignment=&#8221;center&#8221;]\r\n\r\n<div class=\"wd_empty_space\" data-heightmobile=\"30\" data-heighttablet=\"30\" data-heightdesktop=\"30\">\r\n\r\n<\/div>\r\n      \r\n\r\n\r\n\r\n        \r\n      \r\n    [vc_column_text]<\/p>\n<p class=\"p1\"><span class=\"s1\">A Adipro Angola tem parcerias com t\u00e9cnicos profissionais que d\u00e3o grande \u00eanfase ao SGQ e HSE.<\/span><\/p>\n<p>[\/vc_column_text][vc_column_text]<\/p>\n<p class=\"p1\"><span class=\"s1\">Com base nisso, todos os nossos parceiros t\u00e9cnicos possuem certifica\u00e7\u00e3o ISO 9001 e 14000. As nossas atividades de produ\u00e7\u00e3o e opera\u00e7\u00f5es s\u00e3o controladas pelos padr\u00f5es do sistema de gest\u00e3o ISO 9001:2015, ISO 14001:2015 e ISO 45001:2018, garantindo produtos de alta qualidade em todos os momentos. <\/span><\/p>\n<p class=\"p1\"><span class=\"s1\">A Adipro Angola, em conjunto com os nossos parceiros t\u00e9cnicos, garante o suporte t\u00e9cnico para os nossos produtos e servi\u00e7os nos locais dos clientes e durante a presta\u00e7\u00e3o do servi\u00e7o.<\/span><\/p>\n<p>[\/vc_column_text][\/vc_column][vc_column]\r\n\r\n<div class=\"wd_empty_space\" data-heightmobile=\"50\" data-heighttablet=\"50\" data-heightdesktop=\"80\">\r\n\r\n<\/div>\r\n      \r\n\r\n\r\n\r\n        \r\n      \r\n    [\/vc_column][\/vc_row]<\/p>\n<\/div>","protected":false},"excerpt":{"rendered":"<p>[vc_row full_width=&#8221;stretch_row&#8221; css=&#8221;.vc_custom_1729020320944{margin-top: 0px !important;margin-right: 5px !important;margin-bottom: 0px !important;margin-left: 5px !important;background-color: #ffffff !important;}&#8221;][vc_column][vc_row_inner equal_height=&#8221;yes&#8221; gap=&#8221;5&#8243; el_class=&#8221;technology_center&#8221;][vc_column_inner width=&#8221;1\/2&#8243; offset=&#8221;vc_hidden-sm vc_hidden-xs&#8221;][vc_column_text] A PG Labs (Adipro Africa Technology Center \u2013 AATC) desenvolveu e equipou um laborat\u00f3rio de qu\u00edmicos de produ\u00e7\u00e3o padr\u00e3o, acreditado pela ISO 17025. A Adipro PG Labs tamb\u00e9m \u00e9 membro do programa de testes em anel [&hellip;]<\/p>\n","protected":false},"author":30,"featured_media":0,"parent":0,"menu_order":0,"comment_status":"closed","ping_status":"closed","template":"","meta":{"_acf_changed":false,"_relevanssi_hide_post":"","_relevanssi_hide_content":"","_relevanssi_pin_for_all":"","_relevanssi_pin_keywords":"","_relevanssi_unpin_keywords":"","_relevanssi_related_keywords":"","_relevanssi_related_include_ids":"","_relevanssi_related_exclude_ids":"","_relevanssi_related_no_append":"","_relevanssi_related_not_related":"","_relevanssi_related_posts":"","_relevanssi_noindex_reason":"","footnotes":""},"class_list":["post-8205","page","type-page","status-publish","hentry"],"acf":[],"yoast_head":"<!-- This site is optimized with the Yoast SEO plugin v23.8 - https:\/\/yoast.com\/wordpress\/plugins\/seo\/ -->\n<title>Inova\u00e7\u00e3o e tecnologia - Adipro Angola<\/title>\n<meta name=\"robots\" content=\"index, follow, max-snippet:-1, max-image-preview:large, max-video-preview:-1\" \/>\n<link rel=\"canonical\" href=\"https:\/\/adiproangola.com\/pt-pt\/inovacao-e-tecnologia\/\" \/>\n<meta property=\"og:locale\" content=\"pt_PT\" \/>\n<meta property=\"og:type\" content=\"article\" \/>\n<meta property=\"og:title\" content=\"Inova\u00e7\u00e3o e tecnologia - Adipro Angola\" \/>\n<meta property=\"og:description\" content=\"[vc_row full_width=&#8221;stretch_row&#8221; css=&#8221;.vc_custom_1729020320944{margin-top: 0px !important;margin-right: 5px !important;margin-bottom: 0px !important;margin-left: 5px !important;background-color: #ffffff !important;}&#8221;][vc_column][vc_row_inner equal_height=&#8221;yes&#8221; gap=&#8221;5&#8243; el_class=&#8221;technology_center&#8221;][vc_column_inner width=&#8221;1\/2&#8243; offset=&#8221;vc_hidden-sm vc_hidden-xs&#8221;][vc_column_text] A PG Labs (Adipro Africa Technology Center \u2013 AATC) desenvolveu e equipou um laborat\u00f3rio de qu\u00edmicos de produ\u00e7\u00e3o padr\u00e3o, acreditado pela ISO 17025. A Adipro PG Labs tamb\u00e9m \u00e9 membro do programa de testes em anel [&hellip;]\" \/>\n<meta property=\"og:url\" content=\"https:\/\/adiproangola.com\/pt-pt\/inovacao-e-tecnologia\/\" \/>\n<meta property=\"og:site_name\" content=\"Adipro Angola\" \/>\n<meta property=\"article:modified_time\" content=\"2024-11-18T07:51:16+00:00\" \/>\n<meta name=\"twitter:card\" content=\"summary_large_image\" \/>\n<meta name=\"twitter:label1\" content=\"Tempo estimado de leitura\" \/>\n\t<meta name=\"twitter:data1\" content=\"3 minutos\" \/>\n<script type=\"application\/ld+json\" class=\"yoast-schema-graph\">{\"@context\":\"https:\/\/schema.org\",\"@graph\":[{\"@type\":\"WebPage\",\"@id\":\"https:\/\/adiproangola.com\/pt-pt\/inovacao-e-tecnologia\/\",\"url\":\"https:\/\/adiproangola.com\/pt-pt\/inovacao-e-tecnologia\/\",\"name\":\"Inova\u00e7\u00e3o e tecnologia - Adipro Angola\",\"isPartOf\":{\"@id\":\"https:\/\/adiproangola.com\/pt-pt\/#website\"},\"datePublished\":\"2024-10-15T19:21:26+00:00\",\"dateModified\":\"2024-11-18T07:51:16+00:00\",\"breadcrumb\":{\"@id\":\"https:\/\/adiproangola.com\/pt-pt\/inovacao-e-tecnologia\/#breadcrumb\"},\"inLanguage\":\"pt-PT\",\"potentialAction\":[{\"@type\":\"ReadAction\",\"target\":[\"https:\/\/adiproangola.com\/pt-pt\/inovacao-e-tecnologia\/\"]}]},{\"@type\":\"BreadcrumbList\",\"@id\":\"https:\/\/adiproangola.com\/pt-pt\/inovacao-e-tecnologia\/#breadcrumb\",\"itemListElement\":[{\"@type\":\"ListItem\",\"position\":1,\"name\":\"Home\",\"item\":\"https:\/\/adiproangola.com\/pt-pt\/\"},{\"@type\":\"ListItem\",\"position\":2,\"name\":\"Inova\u00e7\u00e3o e tecnologia\"}]},{\"@type\":\"WebSite\",\"@id\":\"https:\/\/adiproangola.com\/pt-pt\/#website\",\"url\":\"https:\/\/adiproangola.com\/pt-pt\/\",\"name\":\"Adipro Angola\",\"description\":\"\",\"potentialAction\":[{\"@type\":\"SearchAction\",\"target\":{\"@type\":\"EntryPoint\",\"urlTemplate\":\"https:\/\/adiproangola.com\/pt-pt\/?s={search_term_string}\"},\"query-input\":{\"@type\":\"PropertyValueSpecification\",\"valueRequired\":true,\"valueName\":\"search_term_string\"}}],\"inLanguage\":\"pt-PT\"}]}<\/script>\n<!-- \/ Yoast SEO plugin. -->","yoast_head_json":{"title":"Inova\u00e7\u00e3o e tecnologia - Adipro Angola","robots":{"index":"index","follow":"follow","max-snippet":"max-snippet:-1","max-image-preview":"max-image-preview:large","max-video-preview":"max-video-preview:-1"},"canonical":"https:\/\/adiproangola.com\/pt-pt\/inovacao-e-tecnologia\/","og_locale":"pt_PT","og_type":"article","og_title":"Inova\u00e7\u00e3o e tecnologia - Adipro Angola","og_description":"[vc_row full_width=&#8221;stretch_row&#8221; css=&#8221;.vc_custom_1729020320944{margin-top: 0px !important;margin-right: 5px !important;margin-bottom: 0px !important;margin-left: 5px !important;background-color: #ffffff !important;}&#8221;][vc_column][vc_row_inner equal_height=&#8221;yes&#8221; gap=&#8221;5&#8243; el_class=&#8221;technology_center&#8221;][vc_column_inner width=&#8221;1\/2&#8243; offset=&#8221;vc_hidden-sm vc_hidden-xs&#8221;][vc_column_text] A PG Labs (Adipro Africa Technology Center \u2013 AATC) desenvolveu e equipou um laborat\u00f3rio de qu\u00edmicos de produ\u00e7\u00e3o padr\u00e3o, acreditado pela ISO 17025. A Adipro PG Labs tamb\u00e9m \u00e9 membro do programa de testes em anel [&hellip;]","og_url":"https:\/\/adiproangola.com\/pt-pt\/inovacao-e-tecnologia\/","og_site_name":"Adipro Angola","article_modified_time":"2024-11-18T07:51:16+00:00","twitter_card":"summary_large_image","twitter_misc":{"Tempo estimado de leitura":"3 minutos"},"schema":{"@context":"https:\/\/schema.org","@graph":[{"@type":"WebPage","@id":"https:\/\/adiproangola.com\/pt-pt\/inovacao-e-tecnologia\/","url":"https:\/\/adiproangola.com\/pt-pt\/inovacao-e-tecnologia\/","name":"Inova\u00e7\u00e3o e tecnologia - Adipro Angola","isPartOf":{"@id":"https:\/\/adiproangola.com\/pt-pt\/#website"},"datePublished":"2024-10-15T19:21:26+00:00","dateModified":"2024-11-18T07:51:16+00:00","breadcrumb":{"@id":"https:\/\/adiproangola.com\/pt-pt\/inovacao-e-tecnologia\/#breadcrumb"},"inLanguage":"pt-PT","potentialAction":[{"@type":"ReadAction","target":["https:\/\/adiproangola.com\/pt-pt\/inovacao-e-tecnologia\/"]}]},{"@type":"BreadcrumbList","@id":"https:\/\/adiproangola.com\/pt-pt\/inovacao-e-tecnologia\/#breadcrumb","itemListElement":[{"@type":"ListItem","position":1,"name":"Home","item":"https:\/\/adiproangola.com\/pt-pt\/"},{"@type":"ListItem","position":2,"name":"Inova\u00e7\u00e3o e tecnologia"}]},{"@type":"WebSite","@id":"https:\/\/adiproangola.com\/pt-pt\/#website","url":"https:\/\/adiproangola.com\/pt-pt\/","name":"Adipro Angola","description":"","potentialAction":[{"@type":"SearchAction","target":{"@type":"EntryPoint","urlTemplate":"https:\/\/adiproangola.com\/pt-pt\/?s={search_term_string}"},"query-input":{"@type":"PropertyValueSpecification","valueRequired":true,"valueName":"search_term_string"}}],"inLanguage":"pt-PT"}]}},"_links":{"self":[{"href":"https:\/\/adiproangola.com\/pt-pt\/wp-json\/wp\/v2\/pages\/8205","targetHints":{"allow":["GET"]}}],"collection":[{"href":"https:\/\/adiproangola.com\/pt-pt\/wp-json\/wp\/v2\/pages"}],"about":[{"href":"https:\/\/adiproangola.com\/pt-pt\/wp-json\/wp\/v2\/types\/page"}],"author":[{"embeddable":true,"href":"https:\/\/adiproangola.com\/pt-pt\/wp-json\/wp\/v2\/users\/30"}],"replies":[{"embeddable":true,"href":"https:\/\/adiproangola.com\/pt-pt\/wp-json\/wp\/v2\/comments?post=8205"}],"version-history":[{"count":12,"href":"https:\/\/adiproangola.com\/pt-pt\/wp-json\/wp\/v2\/pages\/8205\/revisions"}],"predecessor-version":[{"id":8896,"href":"https:\/\/adiproangola.com\/pt-pt\/wp-json\/wp\/v2\/pages\/8205\/revisions\/8896"}],"wp:attachment":[{"href":"https:\/\/adiproangola.com\/pt-pt\/wp-json\/wp\/v2\/media?parent=8205"}],"curies":[{"name":"wp","href":"https:\/\/api.w.org\/{rel}","templated":true}]}}